{"id":13792,"date":"2026-04-18T06:03:24","date_gmt":"2026-04-18T06:03:24","guid":{"rendered":"https:\/\/trendytreat.shop\/?post_type=product&#038;p=13792"},"modified":"2026-04-18T06:12:30","modified_gmt":"2026-04-18T06:12:30","slug":"3ina-lip-combo-503-the-longwear-lipstick-503-the-automatic-lip-pencil-503-eyeliner-mini-regalo","status":"publish","type":"product","link":"https:\/\/trendytreat.shop\/es\/producto\/3ina-lip-combo-503-the-longwear-lipstick-503-the-automatic-lip-pencil-503-eyeliner-mini-regalo\/","title":{"rendered":"3INA Lip Combo 503: The Longwear Lipstick 503 + The Automatic Lip Pencil 503 + Eyeliner mini regalo"},"content":{"rendered":"<div data-elementor-type=\"product-post\" data-elementor-id=\"13792\" class=\"elementor elementor-13792\" data-elementor-post-type=\"product\">\n\t\t\t\t<div class=\"elementor-element elementor-element-4af2f0f5 e-flex e-con-boxed e-con e-parent\" data-id=\"4af2f0f5\" data-element_type=\"container\" data-settings=\"{&quot;ekit_has_onepagescroll_dot&quot;:&quot;yes&quot;}\">\n\t\t\t\t\t<div class=\"e-con-inner\">\n\t\t<div class=\"elementor-element elementor-element-1dc6678f e-grid e-con-full e-con e-child\" data-id=\"1dc6678f\" data-element_type=\"container\" data-settings=\"{&quot;ekit_has_onepagescroll_dot&quot;:&quot;yes&quot;}\">\n\t\t\t\t<div class=\"elementor-element elementor-element-22bcf1dc elementor-widget elementor-widget-video\" data-id=\"22bcf1dc\" data-element_type=\"widget\" data-settings=\"{&quot;video_type&quot;:&quot;hosted&quot;,&quot;controls&quot;:&quot;yes&quot;,&quot;ekit_we_effect_on&quot;:&quot;none&quot;}\" data-widget_type=\"video.default\">\n\t\t\t\t<div class=\"elementor-widget-container\">\n\t\t\t\t\t\t\t<div class=\"e-hosted-video elementor-wrapper elementor-open-inline\">\n\t\t\t\t\t<video class=\"elementor-video\" src=\"https:\/\/trendytreat.shop\/wp-content\/uploads\/2026\/04\/video_2026-03-29_11-55-20.mp4\" controls=\"\" preload=\"metadata\" controlslist=\"nodownload\"><\/video>\n\t\t\t\t<\/div>\n\t\t\t\t\t\t<\/div>\n\t\t\t\t<\/div>\n\t\t\t\t<div class=\"elementor-element elementor-element-5da4e4d2 elementor-widget elementor-widget-text-editor\" data-id=\"5da4e4d2\" data-element_type=\"widget\" data-settings=\"{&quot;ekit_we_effect_on&quot;:&quot;none&quot;}\" data-widget_type=\"text-editor.default\">\n\t\t\t\t<div class=\"elementor-widget-container\">\n\t\t\t\t\t\t\t\t\t<div class=\"elementor-widget-container\">\n    # Features &#038; Specs\n\n<div class=\"product-table\">\n  <div class=\"product-row\">\n    <div class=\"product-label\">Finish type<\/div>\n    <div class=\"product-value\">Matte<\/div>\n  <\/div>\n  <div class=\"product-row\">\n    <div class=\"product-label\">Product benefits<\/div>\n    <div class=\"product-value\">Long-lasting, moisturising, replenishing<\/div>\n  <\/div>\n  <div class=\"product-row\">\n    <div class=\"product-label\">Skin tone<\/div>\n    <div class=\"product-value\">All<\/div>\n  <\/div>\n  <div class=\"product-row\">\n    <div class=\"product-label\">Target audience<\/div>\n    <div class=\"product-value\">Unisex-Adults<\/div>\n  <\/div>\n  <div class=\"product-row\">\n    <div class=\"product-label\">Lip Colour Type<\/div>\n    <div class=\"product-value\">Lipstick<\/div>\n  <\/div>\n  <div class=\"product-row\">\n    <div class=\"product-label\">Number of items<\/div>\n    <div class=\"product-value\">2<\/div>\n  <\/div>\n  <div class=\"product-row\">\n    <div class=\"product-label\">Recuento de unidades<\/div>\n    <div class=\"product-value\">1 st\u00fcck<\/div>\n  <\/div>\n<\/div>\n\n<style>\n.product-table {\n  width: 100%;\n  border-top: 1px solid #000;\n  font-family: Arial, sans-serif;\n}\n\n.product-row {\n  display: flex;\n  border-bottom: 1px solid #000;\n  padding: 12px 0;\n}\n\n.product-label {\n  flex: 1;\n  font-weight: bold;\n  min-width: 200px;\n  padding-right: 20px;\n}\n\n.product-value {\n  flex: 1;\n  min-width: 200px;\n}\n<\/style>\n<\/div>\t\t\t\t\t\t\t\t<\/div>\n\t\t\t\t<\/div>\n\t\t\t\t<\/div>\n\t\t\t\t\t<\/div>\n\t\t\t\t<\/div>\n\t\t<div class=\"elementor-element elementor-element-4e8deb9f e-flex e-con-boxed e-con e-parent\" data-id=\"4e8deb9f\" data-element_type=\"container\" data-settings=\"{&quot;ekit_has_onepagescroll_dot&quot;:&quot;yes&quot;}\">\n\t\t\t\t\t<div class=\"e-con-inner\">\n\t\t<div class=\"elementor-element elementor-element-2a5a6495 e-grid e-con-full e-con e-child\" data-id=\"2a5a6495\" data-element_type=\"container\" data-settings=\"{&quot;ekit_has_onepagescroll_dot&quot;:&quot;yes&quot;}\">\n\t\t\t\t<div class=\"elementor-element elementor-element-533525bf elementor-position-top elementor-widget elementor-widget-image-box\" data-id=\"533525bf\" data-element_type=\"widget\" data-settings=\"{&quot;ekit_we_effect_on&quot;:&quot;none&quot;}\" data-widget_type=\"image-box.default\">\n\t\t\t\t<div class=\"elementor-widget-container\">\n\t\t\t\t\t<div class=\"elementor-image-box-wrapper\"><figure class=\"elementor-image-box-img\"><img loading=\"lazy\" decoding=\"async\" width=\"1500\" height=\"1500\" src=\"https:\/\/trendytreat.shop\/wp-content\/uploads\/2026\/04\/91iJRys78L._AC_SL1500_-1.jpg\" class=\"attachment-full size-full wp-image-13803 wvs-archive-product-image\" alt=\"\" srcset=\"https:\/\/trendytreat.shop\/wp-content\/uploads\/2026\/04\/91iJRys78L._AC_SL1500_-1.jpg 1500w, https:\/\/trendytreat.shop\/wp-content\/uploads\/2026\/04\/91iJRys78L._AC_SL1500_-1-300x300.jpg 300w, https:\/\/trendytreat.shop\/wp-content\/uploads\/2026\/04\/91iJRys78L._AC_SL1500_-1-1024x1024.jpg 1024w, https:\/\/trendytreat.shop\/wp-content\/uploads\/2026\/04\/91iJRys78L._AC_SL1500_-1-150x150.jpg 150w, https:\/\/trendytreat.shop\/wp-content\/uploads\/2026\/04\/91iJRys78L._AC_SL1500_-1-768x768.jpg 768w, https:\/\/trendytreat.shop\/wp-content\/uploads\/2026\/04\/91iJRys78L._AC_SL1500_-1-12x12.jpg 12w, https:\/\/trendytreat.shop\/wp-content\/uploads\/2026\/04\/91iJRys78L._AC_SL1500_-1-600x600.jpg 600w, https:\/\/trendytreat.shop\/wp-content\/uploads\/2026\/04\/91iJRys78L._AC_SL1500_-1-100x100.jpg 100w, https:\/\/trendytreat.shop\/wp-content\/uploads\/2026\/04\/91iJRys78L._AC_SL1500_-1-50x50.jpg 50w, https:\/\/trendytreat.shop\/wp-content\/uploads\/2026\/04\/91iJRys78L._AC_SL1500_-1-1x1.jpg 1w, https:\/\/trendytreat.shop\/wp-content\/uploads\/2026\/04\/91iJRys78L._AC_SL1500_-1-10x10.jpg 10w\" sizes=\"auto, (max-width: 1500px) 100vw, 1500px\" \/><\/figure><div class=\"elementor-image-box-content\"><h3 class=\"elementor-image-box-title\">\u00bfBuscas un rojo que marque la diferencia? <\/h3><p class=\"elementor-image-box-description\">Descubre el set estrella de 3INA: la combinaci\u00f3n del Longwear Lipstick 503 y el Automatic Lip Liner 503, dise\u00f1ados para trabajar juntos como un equipo imbatible. Y como plus, incluye un mini eyeliner para completar tu mirada. Un tr\u00edo perfecto para conseguir unos labios de larga duraci\u00f3n, definici\u00f3n profesional y un acabado digno de una pasarela.<\/p><\/div><\/div>\t\t\t\t<\/div>\n\t\t\t\t<\/div>\n\t\t\t\t<div class=\"elementor-element elementor-element-aeaaf90 elementor-position-top elementor-widget elementor-widget-image-box\" data-id=\"aeaaf90\" data-element_type=\"widget\" data-settings=\"{&quot;ekit_we_effect_on&quot;:&quot;none&quot;}\" data-widget_type=\"image-box.default\">\n\t\t\t\t<div class=\"elementor-widget-container\">\n\t\t\t\t\t<div class=\"elementor-image-box-wrapper\"><figure class=\"elementor-image-box-img\"><img loading=\"lazy\" decoding=\"async\" width=\"1000\" height=\"1000\" src=\"https:\/\/trendytreat.shop\/wp-content\/uploads\/2026\/04\/8435446422666_5b.webp\" class=\"attachment-full size-full wp-image-13804 wvs-archive-product-image\" alt=\"\" srcset=\"https:\/\/trendytreat.shop\/wp-content\/uploads\/2026\/04\/8435446422666_5b.webp 1000w, https:\/\/trendytreat.shop\/wp-content\/uploads\/2026\/04\/8435446422666_5b-300x300.webp 300w, https:\/\/trendytreat.shop\/wp-content\/uploads\/2026\/04\/8435446422666_5b-150x150.webp 150w, https:\/\/trendytreat.shop\/wp-content\/uploads\/2026\/04\/8435446422666_5b-768x768.webp 768w, https:\/\/trendytreat.shop\/wp-content\/uploads\/2026\/04\/8435446422666_5b-12x12.webp 12w, https:\/\/trendytreat.shop\/wp-content\/uploads\/2026\/04\/8435446422666_5b-600x600.webp 600w, https:\/\/trendytreat.shop\/wp-content\/uploads\/2026\/04\/8435446422666_5b-100x100.webp 100w, https:\/\/trendytreat.shop\/wp-content\/uploads\/2026\/04\/8435446422666_5b-50x50.webp 50w, https:\/\/trendytreat.shop\/wp-content\/uploads\/2026\/04\/8435446422666_5b-1x1.webp 1w, https:\/\/trendytreat.shop\/wp-content\/uploads\/2026\/04\/8435446422666_5b-10x10.webp 10w\" sizes=\"auto, (max-width: 1000px) 100vw, 1000px\" \/><\/figure><div class=\"elementor-image-box-content\"><h3 class=\"elementor-image-box-title\">Dise\u00f1o moderno y funcional <\/h3><p class=\"elementor-image-box-description\">Los envases de 3INA destacan por su est\u00e9tica minimalista y colorida, con tapas de colores que identifican cada producto. Son f\u00e1ciles de transportar y su dise\u00f1o atemporal encaja en cualquier neceser.<\/p><\/div><\/div>\t\t\t\t<\/div>\n\t\t\t\t<\/div>\n\t\t\t\t<div class=\"elementor-element elementor-element-54706065 elementor-position-top elementor-widget elementor-widget-image-box\" data-id=\"54706065\" data-element_type=\"widget\" data-settings=\"{&quot;ekit_we_effect_on&quot;:&quot;none&quot;}\" data-widget_type=\"image-box.default\">\n\t\t\t\t<div class=\"elementor-widget-container\">\n\t\t\t\t\t<div class=\"elementor-image-box-wrapper\"><figure class=\"elementor-image-box-img\"><img loading=\"lazy\" decoding=\"async\" width=\"1000\" height=\"1000\" src=\"https:\/\/trendytreat.shop\/wp-content\/uploads\/2026\/04\/8435446422666_3b.webp\" class=\"attachment-full size-full wp-image-13805 wvs-archive-product-image\" alt=\"\" srcset=\"https:\/\/trendytreat.shop\/wp-content\/uploads\/2026\/04\/8435446422666_3b.webp 1000w, https:\/\/trendytreat.shop\/wp-content\/uploads\/2026\/04\/8435446422666_3b-300x300.webp 300w, https:\/\/trendytreat.shop\/wp-content\/uploads\/2026\/04\/8435446422666_3b-150x150.webp 150w, https:\/\/trendytreat.shop\/wp-content\/uploads\/2026\/04\/8435446422666_3b-768x768.webp 768w, https:\/\/trendytreat.shop\/wp-content\/uploads\/2026\/04\/8435446422666_3b-12x12.webp 12w, https:\/\/trendytreat.shop\/wp-content\/uploads\/2026\/04\/8435446422666_3b-600x600.webp 600w, https:\/\/trendytreat.shop\/wp-content\/uploads\/2026\/04\/8435446422666_3b-100x100.webp 100w, https:\/\/trendytreat.shop\/wp-content\/uploads\/2026\/04\/8435446422666_3b-50x50.webp 50w, https:\/\/trendytreat.shop\/wp-content\/uploads\/2026\/04\/8435446422666_3b-1x1.webp 1w, https:\/\/trendytreat.shop\/wp-content\/uploads\/2026\/04\/8435446422666_3b-10x10.webp 10w\" sizes=\"auto, (max-width: 1000px) 100vw, 1000px\" \/><\/figure><div class=\"elementor-image-box-content\"><h3 class=\"elementor-image-box-title\">Automatic Lip Liner 503: La definici\u00f3n que necesitas <\/h3><p class=\"elementor-image-box-description\">Un buen labial necesita un buen aliado. El Automatic Lip Liner 503 viene en el mismo tono que la barra de labios, creando una combinaci\u00f3n perfecta y armoniosa. Su formato autom\u00e1tico evita el sacapuntas, ofreciendo una comodidad absoluta.<\/p><\/div><\/div>\t\t\t\t<\/div>\n\t\t\t\t<\/div>\n\t\t\t\t<\/div>\n\t\t\t\t\t<\/div>\n\t\t\t\t<\/div>\n\t\t<div class=\"elementor-element elementor-element-6ca92709 e-flex e-con-boxed e-con e-parent\" data-id=\"6ca92709\" data-element_type=\"container\" data-settings=\"{&quot;ekit_has_onepagescroll_dot&quot;:&quot;yes&quot;}\">\n\t\t\t\t\t<div class=\"e-con-inner\">\n\t\t\t\t<div class=\"elementor-element elementor-element-406e4f36 elementor-widget elementor-widget-image\" data-id=\"406e4f36\" data-element_type=\"widget\" data-settings=\"{&quot;ekit_we_effect_on&quot;:&quot;none&quot;}\" data-widget_type=\"image.default\">\n\t\t\t\t<div class=\"elementor-widget-container\">\n\t\t\t\t\t\t\t\t\t\t\t\t\t\t\t<img loading=\"lazy\" decoding=\"async\" width=\"1000\" height=\"1000\" src=\"https:\/\/trendytreat.shop\/wp-content\/uploads\/2026\/04\/8435446422666_2.webp\" class=\"attachment-full size-full wp-image-13806 wvs-archive-product-image\" alt=\"\" srcset=\"https:\/\/trendytreat.shop\/wp-content\/uploads\/2026\/04\/8435446422666_2.webp 1000w, https:\/\/trendytreat.shop\/wp-content\/uploads\/2026\/04\/8435446422666_2-300x300.webp 300w, https:\/\/trendytreat.shop\/wp-content\/uploads\/2026\/04\/8435446422666_2-150x150.webp 150w, https:\/\/trendytreat.shop\/wp-content\/uploads\/2026\/04\/8435446422666_2-768x768.webp 768w, https:\/\/trendytreat.shop\/wp-content\/uploads\/2026\/04\/8435446422666_2-12x12.webp 12w, https:\/\/trendytreat.shop\/wp-content\/uploads\/2026\/04\/8435446422666_2-600x600.webp 600w, https:\/\/trendytreat.shop\/wp-content\/uploads\/2026\/04\/8435446422666_2-100x100.webp 100w, https:\/\/trendytreat.shop\/wp-content\/uploads\/2026\/04\/8435446422666_2-50x50.webp 50w, https:\/\/trendytreat.shop\/wp-content\/uploads\/2026\/04\/8435446422666_2-1x1.webp 1w, https:\/\/trendytreat.shop\/wp-content\/uploads\/2026\/04\/8435446422666_2-10x10.webp 10w\" sizes=\"auto, (max-width: 1000px) 100vw, 1000px\" \/>\t\t\t\t\t\t\t\t\t\t\t\t\t\t\t<\/div>\n\t\t\t\t<\/div>\n\t\t\t\t<div class=\"elementor-element elementor-element-343f3bef elementor-widget elementor-widget-image\" data-id=\"343f3bef\" data-element_type=\"widget\" data-settings=\"{&quot;ekit_we_effect_on&quot;:&quot;none&quot;}\" data-widget_type=\"image.default\">\n\t\t\t\t<div class=\"elementor-widget-container\">\n\t\t\t\t\t\t\t\t\t\t\t\t\t\t\t<img loading=\"lazy\" decoding=\"async\" width=\"1000\" height=\"1000\" src=\"https:\/\/trendytreat.shop\/wp-content\/uploads\/2026\/04\/8435446420365_7_9e176b84-2be2-46a9-9812-86c94248da27.webp\" class=\"attachment-full size-full wp-image-13807 wvs-archive-product-image\" alt=\"\" srcset=\"https:\/\/trendytreat.shop\/wp-content\/uploads\/2026\/04\/8435446420365_7_9e176b84-2be2-46a9-9812-86c94248da27.webp 1000w, https:\/\/trendytreat.shop\/wp-content\/uploads\/2026\/04\/8435446420365_7_9e176b84-2be2-46a9-9812-86c94248da27-300x300.webp 300w, https:\/\/trendytreat.shop\/wp-content\/uploads\/2026\/04\/8435446420365_7_9e176b84-2be2-46a9-9812-86c94248da27-150x150.webp 150w, https:\/\/trendytreat.shop\/wp-content\/uploads\/2026\/04\/8435446420365_7_9e176b84-2be2-46a9-9812-86c94248da27-768x768.webp 768w, https:\/\/trendytreat.shop\/wp-content\/uploads\/2026\/04\/8435446420365_7_9e176b84-2be2-46a9-9812-86c94248da27-12x12.webp 12w, https:\/\/trendytreat.shop\/wp-content\/uploads\/2026\/04\/8435446420365_7_9e176b84-2be2-46a9-9812-86c94248da27-600x600.webp 600w, https:\/\/trendytreat.shop\/wp-content\/uploads\/2026\/04\/8435446420365_7_9e176b84-2be2-46a9-9812-86c94248da27-100x100.webp 100w, https:\/\/trendytreat.shop\/wp-content\/uploads\/2026\/04\/8435446420365_7_9e176b84-2be2-46a9-9812-86c94248da27-50x50.webp 50w, https:\/\/trendytreat.shop\/wp-content\/uploads\/2026\/04\/8435446420365_7_9e176b84-2be2-46a9-9812-86c94248da27-1x1.webp 1w, https:\/\/trendytreat.shop\/wp-content\/uploads\/2026\/04\/8435446420365_7_9e176b84-2be2-46a9-9812-86c94248da27-10x10.webp 10w\" sizes=\"auto, (max-width: 1000px) 100vw, 1000px\" \/>\t\t\t\t\t\t\t\t\t\t\t\t\t\t\t<\/div>\n\t\t\t\t<\/div>\n\t\t\t\t<div class=\"elementor-element elementor-element-56a30015 elementor-widget elementor-widget-image\" data-id=\"56a30015\" data-element_type=\"widget\" data-settings=\"{&quot;ekit_we_effect_on&quot;:&quot;none&quot;}\" data-widget_type=\"image.default\">\n\t\t\t\t<div class=\"elementor-widget-container\">\n\t\t\t\t\t\t\t\t\t\t\t\t\t\t\t<img loading=\"lazy\" decoding=\"async\" width=\"1000\" height=\"1000\" src=\"https:\/\/trendytreat.shop\/wp-content\/uploads\/2026\/04\/8435446420365_2_9ba45219-0acb-4965-a6fe-10f6322f6fb2-1.webp\" class=\"attachment-full size-full wp-image-13808 wvs-archive-product-image\" alt=\"\" srcset=\"https:\/\/trendytreat.shop\/wp-content\/uploads\/2026\/04\/8435446420365_2_9ba45219-0acb-4965-a6fe-10f6322f6fb2-1.webp 1000w, https:\/\/trendytreat.shop\/wp-content\/uploads\/2026\/04\/8435446420365_2_9ba45219-0acb-4965-a6fe-10f6322f6fb2-1-300x300.webp 300w, https:\/\/trendytreat.shop\/wp-content\/uploads\/2026\/04\/8435446420365_2_9ba45219-0acb-4965-a6fe-10f6322f6fb2-1-150x150.webp 150w, https:\/\/trendytreat.shop\/wp-content\/uploads\/2026\/04\/8435446420365_2_9ba45219-0acb-4965-a6fe-10f6322f6fb2-1-768x768.webp 768w, https:\/\/trendytreat.shop\/wp-content\/uploads\/2026\/04\/8435446420365_2_9ba45219-0acb-4965-a6fe-10f6322f6fb2-1-12x12.webp 12w, https:\/\/trendytreat.shop\/wp-content\/uploads\/2026\/04\/8435446420365_2_9ba45219-0acb-4965-a6fe-10f6322f6fb2-1-600x600.webp 600w, https:\/\/trendytreat.shop\/wp-content\/uploads\/2026\/04\/8435446420365_2_9ba45219-0acb-4965-a6fe-10f6322f6fb2-1-100x100.webp 100w, https:\/\/trendytreat.shop\/wp-content\/uploads\/2026\/04\/8435446420365_2_9ba45219-0acb-4965-a6fe-10f6322f6fb2-1-50x50.webp 50w, https:\/\/trendytreat.shop\/wp-content\/uploads\/2026\/04\/8435446420365_2_9ba45219-0acb-4965-a6fe-10f6322f6fb2-1-1x1.webp 1w, https:\/\/trendytreat.shop\/wp-content\/uploads\/2026\/04\/8435446420365_2_9ba45219-0acb-4965-a6fe-10f6322f6fb2-1-10x10.webp 10w\" sizes=\"auto, (max-width: 1000px) 100vw, 1000px\" \/>\t\t\t\t\t\t\t\t\t\t\t\t\t\t\t<\/div>\n\t\t\t\t<\/div>\n\t\t\t\t<div class=\"elementor-element elementor-element-2e1c666f elementor-widget elementor-widget-image\" data-id=\"2e1c666f\" data-element_type=\"widget\" data-settings=\"{&quot;ekit_we_effect_on&quot;:&quot;none&quot;}\" data-widget_type=\"image.default\">\n\t\t\t\t<div class=\"elementor-widget-container\">\n\t\t\t\t\t\t\t\t\t\t\t\t\t\t\t<img loading=\"lazy\" decoding=\"async\" width=\"1500\" height=\"1500\" src=\"https:\/\/trendytreat.shop\/wp-content\/uploads\/2026\/04\/91op-PHwIL._AC_SL1500_-1.jpg\" class=\"attachment-full size-full wp-image-13809 wvs-archive-product-image\" alt=\"\" srcset=\"https:\/\/trendytreat.shop\/wp-content\/uploads\/2026\/04\/91op-PHwIL._AC_SL1500_-1.jpg 1500w, https:\/\/trendytreat.shop\/wp-content\/uploads\/2026\/04\/91op-PHwIL._AC_SL1500_-1-300x300.jpg 300w, https:\/\/trendytreat.shop\/wp-content\/uploads\/2026\/04\/91op-PHwIL._AC_SL1500_-1-1024x1024.jpg 1024w, https:\/\/trendytreat.shop\/wp-content\/uploads\/2026\/04\/91op-PHwIL._AC_SL1500_-1-150x150.jpg 150w, https:\/\/trendytreat.shop\/wp-content\/uploads\/2026\/04\/91op-PHwIL._AC_SL1500_-1-768x768.jpg 768w, https:\/\/trendytreat.shop\/wp-content\/uploads\/2026\/04\/91op-PHwIL._AC_SL1500_-1-12x12.jpg 12w, https:\/\/trendytreat.shop\/wp-content\/uploads\/2026\/04\/91op-PHwIL._AC_SL1500_-1-600x600.jpg 600w, https:\/\/trendytreat.shop\/wp-content\/uploads\/2026\/04\/91op-PHwIL._AC_SL1500_-1-100x100.jpg 100w, https:\/\/trendytreat.shop\/wp-content\/uploads\/2026\/04\/91op-PHwIL._AC_SL1500_-1-50x50.jpg 50w, https:\/\/trendytreat.shop\/wp-content\/uploads\/2026\/04\/91op-PHwIL._AC_SL1500_-1-1x1.jpg 1w, https:\/\/trendytreat.shop\/wp-content\/uploads\/2026\/04\/91op-PHwIL._AC_SL1500_-1-10x10.jpg 10w\" sizes=\"auto, (max-width: 1500px) 100vw, 1500px\" \/>\t\t\t\t\t\t\t\t\t\t\t\t\t\t\t<\/div>\n\t\t\t\t<\/div>\n\t\t\t\t<div class=\"elementor-element elementor-element-209ff0b0 elementor-widget elementor-widget-image\" data-id=\"209ff0b0\" data-element_type=\"widget\" data-settings=\"{&quot;ekit_we_effect_on&quot;:&quot;none&quot;}\" data-widget_type=\"image.default\">\n\t\t\t\t<div class=\"elementor-widget-container\">\n\t\t\t\t\t\t\t\t\t\t\t\t\t\t\t<img loading=\"lazy\" decoding=\"async\" width=\"1500\" height=\"1500\" src=\"https:\/\/trendytreat.shop\/wp-content\/uploads\/2026\/04\/81DREi64BTL._AC_SL1500_-1.jpg\" class=\"attachment-full size-full wp-image-13810 wvs-archive-product-image\" alt=\"\" srcset=\"https:\/\/trendytreat.shop\/wp-content\/uploads\/2026\/04\/81DREi64BTL._AC_SL1500_-1.jpg 1500w, https:\/\/trendytreat.shop\/wp-content\/uploads\/2026\/04\/81DREi64BTL._AC_SL1500_-1-300x300.jpg 300w, https:\/\/trendytreat.shop\/wp-content\/uploads\/2026\/04\/81DREi64BTL._AC_SL1500_-1-1024x1024.jpg 1024w, https:\/\/trendytreat.shop\/wp-content\/uploads\/2026\/04\/81DREi64BTL._AC_SL1500_-1-150x150.jpg 150w, https:\/\/trendytreat.shop\/wp-content\/uploads\/2026\/04\/81DREi64BTL._AC_SL1500_-1-768x768.jpg 768w, https:\/\/trendytreat.shop\/wp-content\/uploads\/2026\/04\/81DREi64BTL._AC_SL1500_-1-12x12.jpg 12w, https:\/\/trendytreat.shop\/wp-content\/uploads\/2026\/04\/81DREi64BTL._AC_SL1500_-1-600x600.jpg 600w, https:\/\/trendytreat.shop\/wp-content\/uploads\/2026\/04\/81DREi64BTL._AC_SL1500_-1-100x100.jpg 100w, https:\/\/trendytreat.shop\/wp-content\/uploads\/2026\/04\/81DREi64BTL._AC_SL1500_-1-50x50.jpg 50w, https:\/\/trendytreat.shop\/wp-content\/uploads\/2026\/04\/81DREi64BTL._AC_SL1500_-1-1x1.jpg 1w, https:\/\/trendytreat.shop\/wp-content\/uploads\/2026\/04\/81DREi64BTL._AC_SL1500_-1-10x10.jpg 10w\" sizes=\"auto, (max-width: 1500px) 100vw, 1500px\" \/>\t\t\t\t\t\t\t\t\t\t\t\t\t\t\t<\/div>\n\t\t\t\t<\/div>\n\t\t\t\t<div class=\"elementor-element elementor-element-49f24f97 elementor-widget elementor-widget-image\" data-id=\"49f24f97\" data-element_type=\"widget\" data-settings=\"{&quot;ekit_we_effect_on&quot;:&quot;none&quot;}\" data-widget_type=\"image.default\">\n\t\t\t\t<div class=\"elementor-widget-container\">\n\t\t\t\t\t\t\t\t\t\t\t\t\t\t\t<img loading=\"lazy\" decoding=\"async\" width=\"1000\" height=\"1000\" src=\"https:\/\/trendytreat.shop\/wp-content\/uploads\/2026\/04\/the_no_rules_cream_503_f5e50111-1db0-4c53-bcd8-b5a2486d365c.webp\" class=\"attachment-full size-full wp-image-13811 wvs-archive-product-image\" alt=\"\" srcset=\"https:\/\/trendytreat.shop\/wp-content\/uploads\/2026\/04\/the_no_rules_cream_503_f5e50111-1db0-4c53-bcd8-b5a2486d365c.webp 1000w, https:\/\/trendytreat.shop\/wp-content\/uploads\/2026\/04\/the_no_rules_cream_503_f5e50111-1db0-4c53-bcd8-b5a2486d365c-300x300.webp 300w, https:\/\/trendytreat.shop\/wp-content\/uploads\/2026\/04\/the_no_rules_cream_503_f5e50111-1db0-4c53-bcd8-b5a2486d365c-150x150.webp 150w, https:\/\/trendytreat.shop\/wp-content\/uploads\/2026\/04\/the_no_rules_cream_503_f5e50111-1db0-4c53-bcd8-b5a2486d365c-768x768.webp 768w, https:\/\/trendytreat.shop\/wp-content\/uploads\/2026\/04\/the_no_rules_cream_503_f5e50111-1db0-4c53-bcd8-b5a2486d365c-12x12.webp 12w, https:\/\/trendytreat.shop\/wp-content\/uploads\/2026\/04\/the_no_rules_cream_503_f5e50111-1db0-4c53-bcd8-b5a2486d365c-600x600.webp 600w, https:\/\/trendytreat.shop\/wp-content\/uploads\/2026\/04\/the_no_rules_cream_503_f5e50111-1db0-4c53-bcd8-b5a2486d365c-100x100.webp 100w, https:\/\/trendytreat.shop\/wp-content\/uploads\/2026\/04\/the_no_rules_cream_503_f5e50111-1db0-4c53-bcd8-b5a2486d365c-50x50.webp 50w, https:\/\/trendytreat.shop\/wp-content\/uploads\/2026\/04\/the_no_rules_cream_503_f5e50111-1db0-4c53-bcd8-b5a2486d365c-1x1.webp 1w, https:\/\/trendytreat.shop\/wp-content\/uploads\/2026\/04\/the_no_rules_cream_503_f5e50111-1db0-4c53-bcd8-b5a2486d365c-10x10.webp 10w\" sizes=\"auto, (max-width: 1000px) 100vw, 1000px\" \/>\t\t\t\t\t\t\t\t\t\t\t\t\t\t\t<\/div>\n\t\t\t\t<\/div>\n\t\t\t\t\t<\/div>\n\t\t\t\t<\/div>\n\t\t\t\t<\/div>","protected":false},"excerpt":{"rendered":"<h2 class=\"a-size-base-plus a-text-bold\">Acerca de este art\u00edculo<\/h2>\n<ul class=\"a-unordered-list a-vertical a-spacing-mini\">\n<li class=\"a-spacing-mini\"><span class=\"a-list-item\">ERGONOMIC APPLICATOR FOR EASY APPLICATION: The doe-foot applicator of our long wear lipstick is shaped to hug your lips for precise, even coverage. It makes full lip or detailed edge application effortless while being a moisturizing lipstick.<\/span><\/li>\n<li class=\"a-spacing-mini\"><span class=\"a-list-item\">HIGHLY PIGMENTED SHADES: From red lipstick, black lipstick, nude lipstick to pink lipstick, the collection offers a diverse range of striking shades. Each lipstick matte is richly pigmented to make a statement from the first swipe.<\/span><\/li>\n<\/ul>","protected":false},"featured_media":13793,"comment_status":"open","ping_status":"closed","template":"","meta":{"_acf_changed":false},"etheme_brands":[],"product_brand":[],"product_cat":[127,118],"product_tag":[],"class_list":{"0":"post-13792","1":"product","2":"type-product","3":"status-publish","4":"has-post-thumbnail","6":"product_cat-dao","7":"product_cat-sale-shop","9":"first","10":"instock","11":"sale","12":"shipping-taxable","13":"purchasable","14":"product-type-simple"},"acf":[],"_links":{"self":[{"href":"https:\/\/trendytreat.shop\/es\/wp-json\/wp\/v2\/product\/13792","targetHints":{"allow":["GET"]}}],"collection":[{"href":"https:\/\/trendytreat.shop\/es\/wp-json\/wp\/v2\/product"}],"about":[{"href":"https:\/\/trendytreat.shop\/es\/wp-json\/wp\/v2\/types\/product"}],"replies":[{"embeddable":true,"href":"https:\/\/trendytreat.shop\/es\/wp-json\/wp\/v2\/comments?post=13792"}],"version-history":[{"count":4,"href":"https:\/\/trendytreat.shop\/es\/wp-json\/wp\/v2\/product\/13792\/revisions"}],"predecessor-version":[{"id":13819,"href":"https:\/\/trendytreat.shop\/es\/wp-json\/wp\/v2\/product\/13792\/revisions\/13819"}],"wp:featuredmedia":[{"embeddable":true,"href":"https:\/\/trendytreat.shop\/es\/wp-json\/wp\/v2\/media\/13793"}],"wp:attachment":[{"href":"https:\/\/trendytreat.shop\/es\/wp-json\/wp\/v2\/media?parent=13792"}],"wp:term":[{"taxonomy":"brand","embeddable":true,"href":"https:\/\/trendytreat.shop\/es\/wp-json\/wp\/v2\/etheme_brands?post=13792"},{"taxonomy":"product_brand","embeddable":true,"href":"https:\/\/trendytreat.shop\/es\/wp-json\/wp\/v2\/product_brand?post=13792"},{"taxonomy":"product_cat","embeddable":true,"href":"https:\/\/trendytreat.shop\/es\/wp-json\/wp\/v2\/product_cat?post=13792"},{"taxonomy":"product_tag","embeddable":true,"href":"https:\/\/trendytreat.shop\/es\/wp-json\/wp\/v2\/product_tag?post=13792"}],"curies":[{"name":"wp","href":"https:\/\/api.w.org\/{rel}","templated":true}]}}