{"id":13492,"date":"2026-03-13T03:56:35","date_gmt":"2026-03-13T03:56:35","guid":{"rendered":"https:\/\/trendytreat.shop\/?post_type=product&#038;p=13492"},"modified":"2026-03-13T03:58:03","modified_gmt":"2026-03-13T03:58:03","slug":"dude-wipes-stool-kit-9-packs-432-flushable-wipes-mint-chill-shea-butter-unscented-extra-large-septic-safe-2","status":"publish","type":"product","link":"https:\/\/trendytreat.shop\/es\/producto\/dude-wipes-stool-kit-9-packs-432-flushable-wipes-mint-chill-shea-butter-unscented-extra-large-septic-safe-2\/","title":{"rendered":"DUDE Wipes Stool Kit- 9 Paquetes, 432 Toallitas Desechables - Menta Fr\u00eda, Manteca de Karit\u00e9 y Sin Perfume - Extra Grandes y Seguras para S\u00e9pticos"},"content":{"rendered":"<p>https:\/\/teal-lobster-750471.hostingersite.com\/wp-content\/uploads\/2026\/01\/video_2026-01-29_22-56-55.mp4<\/p>\n<section>\n<ul>\n<li>\n<h3>BILLIONS OF BUTTS WIPED<\/h3>\n<p>\n        We make flushable wipes\u2014billions of &#8217;em. We started this hole revolution<br \/>\n        against toilet paper from our apartment and now wipe over 4 billion butts<br \/>\n        every year. So join us. You&#8217;ll have never felt so fresh after that morning coffee\n      <\/p>\n<\/li>\n<li>\n<h3>EXTRA LARGE FLUSHABLE WIPES<\/h3>\n<p>\n        When it comes to flushable butt wipes, size matters. And we&#8217;re big. Because<br \/>\n        nobody wants a little wipe after a big burrito\n      <\/p>\n<\/li>\n<li>\n<h3>FLUSHABLE &amp; PLANT SOURCED FIBERS<\/h3>\n<p>\n        Our wipes are made with plastic free &amp; plant sourced fibers. Unlike baby wipes,<br \/>\n        DUDE Wipes are sewer and septic-safe. Say goodbye to toilet paper and say hello<br \/>\n        to DUDE flushable wet wipes for the whole family\n      <\/p>\n<\/li>\n<li>\n<h3>BEST CLEAN PANTS DOWN<\/h3>\n<p>\n        Made with 99% water and plant-based ingredients, DUDE wipes are unscented,<br \/>\n        hypoallergenic, alcohol-free, and paraben-free. They&#8217;re soaked with Aloe Vera<br \/>\n        and Vitamin E to protect your sensitive skin and DUDE regions\n      <\/p>\n<\/li>\n<li>\n<h3>WET BEATS DRY<\/h3>\n<p>\n        We promise once you try DUDE Wipes you&#8217;ll never go back. Designed for a clean,<br \/>\n        more refreshing feeling than toilet paper, our plush wet wipes come in sleek<br \/>\n        wipe dispenser packs that fit perfectly on your throne\n      <\/p>\n<\/li>\n<\/ul>\n<\/section>\n<figure><img decoding=\"async\" src=\"https:\/\/teal-lobster-750471.hostingersite.com\/wp-content\/uploads\/2026\/01\/81zCmECUdaL._US700_.webp\" alt=\"81zCmECUdaL._US700_\" \/><\/figure>\n<figure><img decoding=\"async\" src=\"https:\/\/teal-lobster-750471.hostingersite.com\/wp-content\/uploads\/2026\/01\/71x33FQNeBL._US700_.webp\" alt=\"71x33FQNeBL._US700_\" \/><\/figure>\n<figure><img decoding=\"async\" src=\"https:\/\/teal-lobster-750471.hostingersite.com\/wp-content\/uploads\/2026\/01\/81vGs6kRuYL._US700_.webp\" alt=\"81vGs6kRuYL._US700_\" \/><\/figure>\n<figure><img decoding=\"async\" src=\"https:\/\/teal-lobster-750471.hostingersite.com\/wp-content\/uploads\/2026\/01\/71lr1CnOhqL._US700_.webp\" alt=\"71lr1CnOhqL._US700_\" \/><\/figure>\n<figure><img decoding=\"async\" src=\"https:\/\/teal-lobster-750471.hostingersite.com\/wp-content\/uploads\/2026\/01\/81QOvcRgB-L._US700_.webp\" alt=\"81QOvcRgB-L._US700_\" \/><\/figure>\n<p>\t\t\t\t\t\t<svg aria-hidden=\"true\" viewbox=\"0 0 1000 1000\" xmlns=\"http:\/\/www.w3.org\/2000\/svg\"><path d=\"M646 125C629 125 613 133 604 142L308 442C296 454 292 471 292 487 292 504 296 521 308 533L604 854C617 867 629 875 646 875 663 875 679 871 692 858 704 846 713 829 713 812 713 796 708 779 692 767L438 487 692 225C700 217 708 204 708 187 708 171 704 154 692 142 675 129 663 125 646 125Z\"><\/path><\/svg><br \/>\n\t\t\t\t\t\t<svg aria-hidden=\"true\" viewbox=\"0 0 1000 1000\" xmlns=\"http:\/\/www.w3.org\/2000\/svg\"><path d=\"M696 533C708 521 713 504 713 487 713 471 708 454 696 446L400 146C388 133 375 125 354 125 338 125 325 129 313 142 300 154 292 171 292 187 292 204 296 221 308 233L563 492 304 771C292 783 288 800 288 817 288 833 296 850 308 863 321 871 338 875 354 875 371 875 388 867 400 854L696 533Z\"><\/path><\/svg><br \/>\n\t\thttps:\/\/teal-lobster-750471.hostingersite.com\/wp-content\/uploads\/2026\/01\/video_2026-01-29_22-49-12.mp4<\/p>\n<section>\n<h2>Product Information<\/h2>\n<table>\n<tr>\n<th>Brand<\/th>\n<td>Dude<\/td>\n<\/tr>\n<tr>\n<th>Skin Type<\/th>\n<td>All, Combination, Dry, Oily, Sensitive<\/td>\n<\/tr>\n<tr>\n<th>Material Feature<\/th>\n<td>Flushable, Fragrance Free, Plant Sourced Fibers, Plastic Free<\/td>\n<\/tr>\n<tr>\n<th>Recuento de unidades<\/th>\n<td>432 Count<\/td>\n<\/tr>\n<tr>\n<th>Number of Items<\/th>\n<td>9<\/td>\n<\/tr>\n<tr>\n<th>Dimensiones del producto<\/th>\n<td>18 x 12 x 6 inches (45.7 x 30.5 x 15.2 cm); 14.75 Pounds (6.69 kg)<\/td>\n<\/tr>\n<tr>\n<th>Country of Origin<\/th>\n<td>This item will be imported from US<\/td>\n<\/tr>\n<tr>\n<th>Date First Available<\/th>\n<td>March 30, 2021<\/td>\n<\/tr>\n<tr>\n<th>What is in the box<\/th>\n<td>DUDE Wipes Flushable Wipes&#8230; For more details, please check description\/product details<\/td>\n<\/tr>\n<\/table>\n<\/section>\n<p>\t\t\t\t\t<!-- =========================\n     Who Should Buy Module\n     ========================= --><br \/>\n    <!-- \u6807\u9898 --><\/p>\n<h2>Who Should Buy?<\/h2>\n<p>    <!-- \u4e24\u680f\u5217\u8868 --><br \/>\n        <!-- Suitable For --><br \/>\n                <img loading=\"lazy\" decoding=\"async\" src=\"https:\/\/d2ati23fc66y9j.cloudfront.net\/detail-page\/v2\/2024\/check.svg\" alt=\"Suitable For\" width=\"55\" height=\"55\"><\/p>\n<ul>\n<li>\n                    <strong>Traveling Families<\/strong><\/p>\n<p>Ideal for families on the go, providing cleanliness and convenience when traditional bathroom facilities are unavailable.<\/p>\n<\/li>\n<li>\n                    <strong>Active Lifestyles<\/strong><\/p>\n<p>Great for outdoor enthusiasts and athletes who need a quick clean-up after workouts or outdoor activities.<\/p>\n<\/li>\n<li>\n                    <strong>Sensitive Skin<\/strong><\/p>\n<p>Unscented and enriched with Vitamin-E and Aloe, making it perfect for individuals with sensitive or irritated skin.<\/p>\n<\/li>\n<\/ul>\n<p>        <!-- Not Suitable For --><br \/>\n                <img loading=\"lazy\" decoding=\"async\" src=\"https:\/\/d2ati23fc66y9j.cloudfront.net\/detail-page\/v2\/2024\/cancel.svg\" alt=\"Not Suitable For\" width=\"55\" height=\"55\"><\/p>\n<ul>\n<li>\n                    <strong>High Volume Use<\/strong><\/p>\n<p>Not ideal for heavy users, as the 48 count may run out quickly for larger households or frequent use.<\/p>\n<\/li>\n<li>\n                    <strong>Newborn Care<\/strong><\/p>\n<p>While unscented, these wipes may not be the best choice for diapering newborns due to potential sensitivities.<\/p>\n<\/li>\n<li>\n                    <strong>Budget-Conscious Buyers<\/strong><\/p>\n<p>Individuals seeking cheaper alternatives may find these wipes pricier compared to traditional wet wipes or toilet paper.<\/p>\n<\/li>\n<\/ul>\n<p><!-- =========================\n     Who Should Buy CSS\n     ========================= --><\/p>\n<style>\n.who-should-buy {\n  max-width: 1460;\n  margin: 0 auto;\n  font-family: \"Inter\", \"Helvetica Neue\", Arial, sans-serif;\n  color: #222;\n  line-height: 1.6;\n  background-color: #fefefe;\n  border-radius: 12px;\n}\n\/* \u6807\u9898 *\/\n.who-should-buy .heading-sec {\n  text-align: center;\n  margin-bottom: 36px;\n}\n.who-should-buy .heading {\n   text-align: left;  \n  font-size: 30px;\n  font-weight: 600;\n  letter-spacing: 0.02em;\n}\n\/* pros-cons \u5217\u8868\u5bb9\u5668 *\/\n.who-should-buy .pros-cons .row {\n  gap: 24px;\n}\n\/* \u6bcf\u4e00\u4fa7\u7684\u4e3b\u5217 *\/\n.who-should-buy .col-md-6 {\n  display: flex;\n  flex-direction: row;\n  align-items: flex-start;\n  padding: 0 12px;\n}\n\/* \u56fe\u6807 *\/\n.who-should-buy img {\n  max-width: 48px;\n  height: auto;\n}\n\/* \u5217\u8868 *\/\n.who-should-buy ul {\n  list-style: none;\n  padding: 0;\n  margin: 0;\n}\n\/* \u6bcf\u4e00\u6761 item *\/\n.who-should-buy ul li {\n  margin-bottom: 20px;\n}\n\/* \u5c0f\u6807\u9898 *\/\n.who-should-buy .para {\n  font-weight: 600;\n  font-size: 15px;\n  display: inline-block;\n  margin-bottom: 4px;\n}\n\/* \u63cf\u8ff0\u6587\u5b57 *\/\n.who-should-buy ul li p {\n  margin: 0;\n  font-size: 14.5px;\n  color: #444;\n  line-height: 1.55;\n}\n\/* \u9ad8\u4eae\u989c\u8272 *\/\n.who-should-buy .pros .para {\n  color: #1a7f37; \/* \u7eff\u8272 \u2714 *\/\n}\n.who-should-buy .cons .para {\n  color: #b42318; \/* \u7ea2\u8272 \u2716 *\/\n}\n\/* \u5de6\u53f3\u5206\u9694\u7ebf\uff08\u684c\u9762\u7aef\uff09 *\/\n@media (min-width: 768px) {\n  .who-should-buy .col-md-6:first-child {\n    border-right: 1px solid #e5e5e5;\n  }\n}\n\/* \u79fb\u52a8\u7aef\u81ea\u9002\u5e94 *\/\n@media (max-width: 767px) {\n  .who-should-buy .col-md-6 {\n    flex-direction: row;\n    border-right: none !important;\n  }\n  .who-should-buy img {\n    max-width: 40px;\n  }\n  .who-should-buy {\n    padding: 32px 16px;\n  }\n  .who-should-buy .heading {\n    font-size: 20px;\n  }\n}\n<\/style>\n<p>\t\t\t\t\t\t\t\t\t\t\t\t\t\t\t<img loading=\"lazy\" decoding=\"async\" width=\"970\" height=\"600\" src=\"https:\/\/teal-lobster-750471.hostingersite.com\/wp-content\/uploads\/2026\/01\/9f9c386f-9162-4ec5-b908-7fd4c4f8447f.__CR00970600_PT0_SX970_V1___-1.png\" alt=\"\" srcset=\"https:\/\/teal-lobster-750471.hostingersite.com\/wp-content\/uploads\/2026\/01\/9f9c386f-9162-4ec5-b908-7fd4c4f8447f.__CR00970600_PT0_SX970_V1___-1.png 970w, https:\/\/teal-lobster-750471.hostingersite.com\/wp-content\/uploads\/2026\/01\/9f9c386f-9162-4ec5-b908-7fd4c4f8447f.__CR00970600_PT0_SX970_V1___-1-300x186.png 300w, https:\/\/teal-lobster-750471.hostingersite.com\/wp-content\/uploads\/2026\/01\/9f9c386f-9162-4ec5-b908-7fd4c4f8447f.__CR00970600_PT0_SX970_V1___-1-768x475.png 768w, https:\/\/teal-lobster-750471.hostingersite.com\/wp-content\/uploads\/2026\/01\/9f9c386f-9162-4ec5-b908-7fd4c4f8447f.__CR00970600_PT0_SX970_V1___-1-18x12.png 18w, https:\/\/teal-lobster-750471.hostingersite.com\/wp-content\/uploads\/2026\/01\/9f9c386f-9162-4ec5-b908-7fd4c4f8447f.__CR00970600_PT0_SX970_V1___-1-600x371.png 600w, https:\/\/teal-lobster-750471.hostingersite.com\/wp-content\/uploads\/2026\/01\/9f9c386f-9162-4ec5-b908-7fd4c4f8447f.__CR00970600_PT0_SX970_V1___-1-1x1.png 1w, https:\/\/teal-lobster-750471.hostingersite.com\/wp-content\/uploads\/2026\/01\/9f9c386f-9162-4ec5-b908-7fd4c4f8447f.__CR00970600_PT0_SX970_V1___-1-10x6.png 10w\" sizes=\"auto, (max-width: 970px) 100vw, 970px\" \/>\t\t\t\t\t\t\t\t\t\t\t\t\t\t\t<\/p>\n<p>Send toilet paper back to the Stone Age where it belongs with <strong>DUDE Wipes<\/strong> at home packs. Our easy dispensers serve you flushable adult wipes that are extra large to tackle any job your butt or DUDE regions require.<\/p>\n<p>Made with 99% water and plant-based ingredients, including Aloe Vera and Vitamin E, <strong>DUDE Unscented Wipes<\/strong> are gentle on your skin and will clear instead of smear, leaving you feeling refreshed and ready for whatever the day brings.<\/p>\n<p>Traveling or on the go? Don&#8217;t get caught with your pants down away from home\u2014travel DUDE-style with our individually-wrapped travel wipes to keep your DUDE parts fresh wherever you go.<\/p>","protected":false},"excerpt":{"rendered":"<p>https:\/\/teal-lobster-750471.hostingersite.com\/wp-content\/uploads\/2026\/01\/video_2026-01-29_22-56-55.mp4 BILLIONS OF BUTTS WIPED We make flushable wipes\u2014billions of &#8217;em. We started this hole revolution against toilet paper from&#8230;<\/p>","protected":false},"featured_media":13555,"comment_status":"open","ping_status":"closed","template":"","meta":{"_acf_changed":false},"etheme_brands":[],"product_brand":[],"product_cat":[118],"product_tag":[],"class_list":{"0":"post-13492","1":"product","2":"type-product","3":"status-publish","4":"has-post-thumbnail","6":"product_cat-sale-shop","8":"first","9":"instock","10":"sale","11":"shipping-taxable","12":"purchasable","13":"product-type-simple"},"acf":[],"_links":{"self":[{"href":"https:\/\/trendytreat.shop\/es\/wp-json\/wp\/v2\/product\/13492","targetHints":{"allow":["GET"]}}],"collection":[{"href":"https:\/\/trendytreat.shop\/es\/wp-json\/wp\/v2\/product"}],"about":[{"href":"https:\/\/trendytreat.shop\/es\/wp-json\/wp\/v2\/types\/product"}],"replies":[{"embeddable":true,"href":"https:\/\/trendytreat.shop\/es\/wp-json\/wp\/v2\/comments?post=13492"}],"version-history":[{"count":1,"href":"https:\/\/trendytreat.shop\/es\/wp-json\/wp\/v2\/product\/13492\/revisions"}],"predecessor-version":[{"id":13556,"href":"https:\/\/trendytreat.shop\/es\/wp-json\/wp\/v2\/product\/13492\/revisions\/13556"}],"wp:featuredmedia":[{"embeddable":true,"href":"https:\/\/trendytreat.shop\/es\/wp-json\/wp\/v2\/media\/13555"}],"wp:attachment":[{"href":"https:\/\/trendytreat.shop\/es\/wp-json\/wp\/v2\/media?parent=13492"}],"wp:term":[{"taxonomy":"brand","embeddable":true,"href":"https:\/\/trendytreat.shop\/es\/wp-json\/wp\/v2\/etheme_brands?post=13492"},{"taxonomy":"product_brand","embeddable":true,"href":"https:\/\/trendytreat.shop\/es\/wp-json\/wp\/v2\/product_brand?post=13492"},{"taxonomy":"product_cat","embeddable":true,"href":"https:\/\/trendytreat.shop\/es\/wp-json\/wp\/v2\/product_cat?post=13492"},{"taxonomy":"product_tag","embeddable":true,"href":"https:\/\/trendytreat.shop\/es\/wp-json\/wp\/v2\/product_tag?post=13492"}],"curies":[{"name":"wp","href":"https:\/\/api.w.org\/{rel}","templated":true}]}}