{"id":13297,"date":"2026-02-08T02:15:08","date_gmt":"2026-02-08T02:15:08","guid":{"rendered":"https:\/\/trendytreat.shop\/?post_type=product&#038;p=13297"},"modified":"2026-02-08T02:19:47","modified_gmt":"2026-02-08T02:19:47","slug":"telefono-mini-kgg-telefono-inteligente-para-estudiantes-herramienta-de-aprendizaje-divertida-juguete-educativo-temprano-con-musica-juego-reloj-despertador-calculadora-y-linterna-camara-dual","status":"publish","type":"product","link":"https:\/\/trendytreat.shop\/es\/producto\/telefono-mini-kgg-telefono-inteligente-para-estudiantes-herramienta-de-aprendizaje-divertida-juguete-educativo-temprano-con-musica-juego-reloj-despertador-calculadora-y-linterna-camara-dual\/","title":{"rendered":"Tel\u00e9fono mini KGG, tel\u00e9fono inteligente para estudiantes, herramienta de aprendizaje divertida, juguete educativo temprano con m\u00fasica, juego, reloj despertador, calculadora y linterna, c\u00e1mara dual"},"content":{"rendered":"<div data-elementor-type=\"product-post\" data-elementor-id=\"13297\" class=\"elementor elementor-13297\" data-elementor-post-type=\"product\">\n\t\t\t\t<div class=\"elementor-element elementor-element-22e76c20 e-flex e-con-boxed e-con e-parent\" data-id=\"22e76c20\" data-element_type=\"container\" data-settings=\"{&quot;ekit_has_onepagescroll_dot&quot;:&quot;yes&quot;}\">\n\t\t\t\t\t<div class=\"e-con-inner\">\n\t\t\t\t<div class=\"elementor-element elementor-element-3b360657 elementor-widget elementor-widget-image\" data-id=\"3b360657\" data-element_type=\"widget\" data-settings=\"{&quot;ekit_we_effect_on&quot;:&quot;none&quot;}\" data-widget_type=\"image.default\">\n\t\t\t\t<div class=\"elementor-widget-container\">\n\t\t\t\t\t\t\t\t\t\t\t\t\t\t\t<img loading=\"lazy\" decoding=\"async\" width=\"1464\" height=\"600\" src=\"https:\/\/trendytreat.shop\/wp-content\/uploads\/2026\/02\/88e92d99-5624-4357-b22f-e324e6740c21.__CR001464600_PT0_SX1464_V1___.jpg\" class=\"attachment-full size-full wp-image-13310 wvs-archive-product-image\" alt=\"\" srcset=\"https:\/\/trendytreat.shop\/wp-content\/uploads\/2026\/02\/88e92d99-5624-4357-b22f-e324e6740c21.__CR001464600_PT0_SX1464_V1___.jpg 1464w, https:\/\/trendytreat.shop\/wp-content\/uploads\/2026\/02\/88e92d99-5624-4357-b22f-e324e6740c21.__CR001464600_PT0_SX1464_V1___-300x123.jpg 300w, https:\/\/trendytreat.shop\/wp-content\/uploads\/2026\/02\/88e92d99-5624-4357-b22f-e324e6740c21.__CR001464600_PT0_SX1464_V1___-1024x420.jpg 1024w, https:\/\/trendytreat.shop\/wp-content\/uploads\/2026\/02\/88e92d99-5624-4357-b22f-e324e6740c21.__CR001464600_PT0_SX1464_V1___-768x315.jpg 768w, https:\/\/trendytreat.shop\/wp-content\/uploads\/2026\/02\/88e92d99-5624-4357-b22f-e324e6740c21.__CR001464600_PT0_SX1464_V1___-18x7.jpg 18w, https:\/\/trendytreat.shop\/wp-content\/uploads\/2026\/02\/88e92d99-5624-4357-b22f-e324e6740c21.__CR001464600_PT0_SX1464_V1___-600x246.jpg 600w, https:\/\/trendytreat.shop\/wp-content\/uploads\/2026\/02\/88e92d99-5624-4357-b22f-e324e6740c21.__CR001464600_PT0_SX1464_V1___-1x1.jpg 1w, https:\/\/trendytreat.shop\/wp-content\/uploads\/2026\/02\/88e92d99-5624-4357-b22f-e324e6740c21.__CR001464600_PT0_SX1464_V1___-10x4.jpg 10w\" sizes=\"auto, (max-width: 1464px) 100vw, 1464px\" \/>\t\t\t\t\t\t\t\t\t\t\t\t\t\t\t<\/div>\n\t\t\t\t<\/div>\n\t\t\t\t<div class=\"elementor-element elementor-element-4ef92b9e elementor--h-position-center elementor--v-position-middle elementor-arrows-position-inside elementor-pagination-position-inside elementor-widget elementor-widget-slides\" data-id=\"4ef92b9e\" data-element_type=\"widget\" data-settings=\"{&quot;navigation&quot;:&quot;both&quot;,&quot;autoplay&quot;:&quot;yes&quot;,&quot;pause_on_hover&quot;:&quot;yes&quot;,&quot;pause_on_interaction&quot;:&quot;yes&quot;,&quot;autoplay_speed&quot;:5000,&quot;infinite&quot;:&quot;yes&quot;,&quot;transition&quot;:&quot;slide&quot;,&quot;transition_speed&quot;:500,&quot;ekit_we_effect_on&quot;:&quot;none&quot;}\" data-widget_type=\"slides.default\">\n\t\t\t\t<div class=\"elementor-widget-container\">\n\t\t\t\t\t\t\t\t\t<div class=\"elementor-swiper\">\r\n\t\t\t\t\t<div class=\"elementor-slides-wrapper elementor-main-swiper swiper\" role=\"region\" aria-roledescription=\"carousel\" aria-label=\"Diapositivas\" dir=\"ltr\" data-animation=\"fadeInUp\">\r\n\t\t\t\t<div class=\"swiper-wrapper elementor-slides\">\r\n\t\t\t\t\t\t\t\t\t\t<div class=\"elementor-repeater-item-0c2c120 swiper-slide\" role=\"group\" aria-roledescription=\"slide\"><div class=\"swiper-slide-bg\" role=\"img\" aria-label=\"e6416401-b0bb-4c24-bf2e-5804307b813f.__CR001464600_PT0_SX1464_V1___.jpg\"><\/div><div class=\"swiper-slide-inner\" ><div class=\"swiper-slide-contents\"><\/div><\/div><\/div><div class=\"elementor-repeater-item-971b1b5 swiper-slide\" role=\"group\" aria-roledescription=\"slide\"><div class=\"swiper-slide-bg\" role=\"img\" aria-label=\"6e172da4-4c5d-423b-9b92-64ae724422b6.__CR001464600_PT0_SX1464_V1___.jpg\"><\/div><div class=\"swiper-slide-inner\" ><div class=\"swiper-slide-contents\"><\/div><\/div><\/div><div class=\"elementor-repeater-item-5253b79 swiper-slide\" role=\"group\" aria-roledescription=\"slide\"><div class=\"swiper-slide-bg\" role=\"img\" aria-label=\"e646c5c8-a425-4948-88ea-b7a9741c6fa8.__CR001464600_PT0_SX1464_V1___.jpg\"><\/div><div class=\"swiper-slide-inner\" ><div class=\"swiper-slide-contents\"><\/div><\/div><\/div><div class=\"elementor-repeater-item-139369a swiper-slide\" role=\"group\" aria-roledescription=\"slide\"><div class=\"swiper-slide-bg\" role=\"img\" aria-label=\"2c4f7927-c65b-48ce-a309-989fe601225c.__CR001464600_PT0_SX1464_V1___.jpg\"><\/div><div class=\"swiper-slide-inner\" ><div class=\"swiper-slide-contents\"><\/div><\/div><\/div><div class=\"elementor-repeater-item-ad5b1dc swiper-slide\" role=\"group\" aria-roledescription=\"slide\"><div class=\"swiper-slide-bg\" role=\"img\" aria-label=\"3e5652ec-ce3e-40c6-9d7f-894002e3c2ab.__CR001464600_PT0_SX1464_V1___.jpg\"><\/div><div class=\"swiper-slide-inner\" ><div class=\"swiper-slide-contents\"><\/div><\/div><\/div>\t\t\t\t<\/div>\r\n\t\t\t\t\t\t\t\t\t\t\t\t\t\t\t<div class=\"elementor-swiper-button elementor-swiper-button-prev\" role=\"button\" tabindex=\"0\" aria-label=\"Diapositiva anterior\">\r\n\t\t\t\t\t\t\t<svg aria-hidden=\"true\" class=\"e-font-icon-svg e-eicon-chevron-left\" viewbox=\"0 0 1000 1000\" xmlns=\"http:\/\/www.w3.org\/2000\/svg\"><path d=\"M646 125C629 125 613 133 604 142L308 442C296 454 292 471 292 487 292 504 296 521 308 533L604 854C617 867 629 875 646 875 663 875 679 871 692 858 704 846 713 829 713 812 713 796 708 779 692 767L438 487 692 225C700 217 708 204 708 187 708 171 704 154 692 142 675 129 663 125 646 125Z\"><\/path><\/svg>\t\t\t\t\t\t<\/div>\r\n\t\t\t\t\t\t<div class=\"elementor-swiper-button elementor-swiper-button-next\" role=\"button\" tabindex=\"0\" aria-label=\"Siguiente diapositiva\">\r\n\t\t\t\t\t\t\t<svg aria-hidden=\"true\" class=\"e-font-icon-svg e-eicon-chevron-right\" viewbox=\"0 0 1000 1000\" xmlns=\"http:\/\/www.w3.org\/2000\/svg\"><path d=\"M696 533C708 521 713 504 713 487 713 471 708 454 696 446L400 146C388 133 375 125 354 125 338 125 325 129 313 142 300 154 292 171 292 187 292 204 296 221 308 233L563 492 304 771C292 783 288 800 288 817 288 833 296 850 308 863 321 871 338 875 354 875 371 875 388 867 400 854L696 533Z\"><\/path><\/svg>\t\t\t\t\t\t<\/div>\r\n\t\t\t\t\t\t\t\t\t\t\t\t\t\t\t\t<div class=\"swiper-pagination\"><\/div>\r\n\t\t\t\t\t\t\t\t\t\t\t\t<\/div>\r\n\t\t\t\t<\/div>\r\n\t\t\t\t\t\t\t\t<\/div>\n\t\t\t\t<\/div>\n\t\t\t\t<div class=\"elementor-element elementor-element-49c9bd16 elementor-widget elementor-widget-image\" data-id=\"49c9bd16\" data-element_type=\"widget\" data-settings=\"{&quot;ekit_we_effect_on&quot;:&quot;none&quot;}\" data-widget_type=\"image.default\">\n\t\t\t\t<div class=\"elementor-widget-container\">\n\t\t\t\t\t\t\t\t\t\t\t\t\t\t\t<img loading=\"lazy\" decoding=\"async\" width=\"1464\" height=\"600\" src=\"https:\/\/trendytreat.shop\/wp-content\/uploads\/2026\/02\/60e191ed-034f-463f-a851-93c541392c2e.__CR001464600_PT0_SX1464_V1___.jpg\" class=\"attachment-full size-full wp-image-13316 wvs-archive-product-image\" alt=\"\" srcset=\"https:\/\/trendytreat.shop\/wp-content\/uploads\/2026\/02\/60e191ed-034f-463f-a851-93c541392c2e.__CR001464600_PT0_SX1464_V1___.jpg 1464w, https:\/\/trendytreat.shop\/wp-content\/uploads\/2026\/02\/60e191ed-034f-463f-a851-93c541392c2e.__CR001464600_PT0_SX1464_V1___-300x123.jpg 300w, https:\/\/trendytreat.shop\/wp-content\/uploads\/2026\/02\/60e191ed-034f-463f-a851-93c541392c2e.__CR001464600_PT0_SX1464_V1___-1024x420.jpg 1024w, https:\/\/trendytreat.shop\/wp-content\/uploads\/2026\/02\/60e191ed-034f-463f-a851-93c541392c2e.__CR001464600_PT0_SX1464_V1___-768x315.jpg 768w, https:\/\/trendytreat.shop\/wp-content\/uploads\/2026\/02\/60e191ed-034f-463f-a851-93c541392c2e.__CR001464600_PT0_SX1464_V1___-18x7.jpg 18w, https:\/\/trendytreat.shop\/wp-content\/uploads\/2026\/02\/60e191ed-034f-463f-a851-93c541392c2e.__CR001464600_PT0_SX1464_V1___-600x246.jpg 600w, https:\/\/trendytreat.shop\/wp-content\/uploads\/2026\/02\/60e191ed-034f-463f-a851-93c541392c2e.__CR001464600_PT0_SX1464_V1___-1x1.jpg 1w, https:\/\/trendytreat.shop\/wp-content\/uploads\/2026\/02\/60e191ed-034f-463f-a851-93c541392c2e.__CR001464600_PT0_SX1464_V1___-10x4.jpg 10w\" sizes=\"auto, (max-width: 1464px) 100vw, 1464px\" \/>\t\t\t\t\t\t\t\t\t\t\t\t\t\t\t<\/div>\n\t\t\t\t<\/div>\n\t\t\t\t<div class=\"elementor-element elementor-element-50a01a5e elementor--h-position-center elementor--v-position-middle elementor-arrows-position-inside elementor-pagination-position-inside elementor-widget elementor-widget-slides\" data-id=\"50a01a5e\" data-element_type=\"widget\" data-settings=\"{&quot;navigation&quot;:&quot;both&quot;,&quot;autoplay&quot;:&quot;yes&quot;,&quot;pause_on_hover&quot;:&quot;yes&quot;,&quot;pause_on_interaction&quot;:&quot;yes&quot;,&quot;autoplay_speed&quot;:5000,&quot;infinite&quot;:&quot;yes&quot;,&quot;transition&quot;:&quot;slide&quot;,&quot;transition_speed&quot;:500,&quot;ekit_we_effect_on&quot;:&quot;none&quot;}\" data-widget_type=\"slides.default\">\n\t\t\t\t<div class=\"elementor-widget-container\">\n\t\t\t\t\t\t\t\t\t<div class=\"elementor-swiper\">\r\n\t\t\t\t\t<div class=\"elementor-slides-wrapper elementor-main-swiper swiper\" role=\"region\" aria-roledescription=\"carousel\" aria-label=\"Diapositivas\" dir=\"ltr\" data-animation=\"fadeInUp\">\r\n\t\t\t\t<div class=\"swiper-wrapper elementor-slides\">\r\n\t\t\t\t\t\t\t\t\t\t<div class=\"elementor-repeater-item-d7848b1 swiper-slide\" role=\"group\" aria-roledescription=\"slide\"><div class=\"swiper-slide-bg\" role=\"img\" aria-label=\"73230699-4ddc-4b28-99b0-457002bc367f.__CR001464600_PT0_SX1464_V1___.jpg\"><\/div><div class=\"swiper-slide-inner\" ><div class=\"swiper-slide-contents\"><\/div><\/div><\/div><div class=\"elementor-repeater-item-5979479 swiper-slide\" role=\"group\" aria-roledescription=\"slide\"><div class=\"swiper-slide-bg\" role=\"img\" aria-label=\"80585e50-4223-4e3c-863e-b38d4a175878.__CR001464600_PT0_SX1464_V1___-1.jpg\"><\/div><div class=\"swiper-slide-inner\" ><div class=\"swiper-slide-contents\"><\/div><\/div><\/div>\t\t\t\t<\/div>\r\n\t\t\t\t\t\t\t\t\t\t\t\t\t\t\t<div class=\"elementor-swiper-button elementor-swiper-button-prev\" role=\"button\" tabindex=\"0\" aria-label=\"Diapositiva anterior\">\r\n\t\t\t\t\t\t\t<svg aria-hidden=\"true\" class=\"e-font-icon-svg e-eicon-chevron-left\" viewbox=\"0 0 1000 1000\" xmlns=\"http:\/\/www.w3.org\/2000\/svg\"><path d=\"M646 125C629 125 613 133 604 142L308 442C296 454 292 471 292 487 292 504 296 521 308 533L604 854C617 867 629 875 646 875 663 875 679 871 692 858 704 846 713 829 713 812 713 796 708 779 692 767L438 487 692 225C700 217 708 204 708 187 708 171 704 154 692 142 675 129 663 125 646 125Z\"><\/path><\/svg>\t\t\t\t\t\t<\/div>\r\n\t\t\t\t\t\t<div class=\"elementor-swiper-button elementor-swiper-button-next\" role=\"button\" tabindex=\"0\" aria-label=\"Siguiente diapositiva\">\r\n\t\t\t\t\t\t\t<svg aria-hidden=\"true\" class=\"e-font-icon-svg e-eicon-chevron-right\" viewbox=\"0 0 1000 1000\" xmlns=\"http:\/\/www.w3.org\/2000\/svg\"><path d=\"M696 533C708 521 713 504 713 487 713 471 708 454 696 446L400 146C388 133 375 125 354 125 338 125 325 129 313 142 300 154 292 171 292 187 292 204 296 221 308 233L563 492 304 771C292 783 288 800 288 817 288 833 296 850 308 863 321 871 338 875 354 875 371 875 388 867 400 854L696 533Z\"><\/path><\/svg>\t\t\t\t\t\t<\/div>\r\n\t\t\t\t\t\t\t\t\t\t\t\t\t\t\t\t<div class=\"swiper-pagination\"><\/div>\r\n\t\t\t\t\t\t\t\t\t\t\t\t<\/div>\r\n\t\t\t\t<\/div>\r\n\t\t\t\t\t\t\t\t<\/div>\n\t\t\t\t<\/div>\n\t\t\t\t<div class=\"elementor-element elementor-element-63e19d0a elementor-widget elementor-widget-image\" data-id=\"63e19d0a\" data-element_type=\"widget\" data-settings=\"{&quot;ekit_we_effect_on&quot;:&quot;none&quot;}\" data-widget_type=\"image.default\">\n\t\t\t\t<div class=\"elementor-widget-container\">\n\t\t\t\t\t\t\t\t\t\t\t\t\t\t\t<img loading=\"lazy\" decoding=\"async\" width=\"1464\" height=\"600\" src=\"https:\/\/trendytreat.shop\/wp-content\/uploads\/2026\/02\/d08134a0-dece-4e16-b700-95bc784ce8bd.__CR001464600_PT0_SX1464_V1___.jpg\" class=\"attachment-full size-full wp-image-13319 wvs-archive-product-image\" alt=\"\" srcset=\"https:\/\/trendytreat.shop\/wp-content\/uploads\/2026\/02\/d08134a0-dece-4e16-b700-95bc784ce8bd.__CR001464600_PT0_SX1464_V1___.jpg 1464w, https:\/\/trendytreat.shop\/wp-content\/uploads\/2026\/02\/d08134a0-dece-4e16-b700-95bc784ce8bd.__CR001464600_PT0_SX1464_V1___-300x123.jpg 300w, https:\/\/trendytreat.shop\/wp-content\/uploads\/2026\/02\/d08134a0-dece-4e16-b700-95bc784ce8bd.__CR001464600_PT0_SX1464_V1___-1024x420.jpg 1024w, https:\/\/trendytreat.shop\/wp-content\/uploads\/2026\/02\/d08134a0-dece-4e16-b700-95bc784ce8bd.__CR001464600_PT0_SX1464_V1___-768x315.jpg 768w, https:\/\/trendytreat.shop\/wp-content\/uploads\/2026\/02\/d08134a0-dece-4e16-b700-95bc784ce8bd.__CR001464600_PT0_SX1464_V1___-18x7.jpg 18w, https:\/\/trendytreat.shop\/wp-content\/uploads\/2026\/02\/d08134a0-dece-4e16-b700-95bc784ce8bd.__CR001464600_PT0_SX1464_V1___-600x246.jpg 600w, https:\/\/trendytreat.shop\/wp-content\/uploads\/2026\/02\/d08134a0-dece-4e16-b700-95bc784ce8bd.__CR001464600_PT0_SX1464_V1___-1x1.jpg 1w, https:\/\/trendytreat.shop\/wp-content\/uploads\/2026\/02\/d08134a0-dece-4e16-b700-95bc784ce8bd.__CR001464600_PT0_SX1464_V1___-10x4.jpg 10w\" sizes=\"auto, (max-width: 1464px) 100vw, 1464px\" \/>\t\t\t\t\t\t\t\t\t\t\t\t\t\t\t<\/div>\n\t\t\t\t<\/div>\n\t\t\t\t<div class=\"elementor-element elementor-element-3b3651d2 elementor-widget elementor-widget-image\" data-id=\"3b3651d2\" data-element_type=\"widget\" data-settings=\"{&quot;ekit_we_effect_on&quot;:&quot;none&quot;}\" data-widget_type=\"image.default\">\n\t\t\t\t<div class=\"elementor-widget-container\">\n\t\t\t\t\t\t\t\t\t\t\t\t\t\t\t<img loading=\"lazy\" decoding=\"async\" width=\"1464\" height=\"600\" src=\"https:\/\/trendytreat.shop\/wp-content\/uploads\/2026\/02\/9acad2f9-e6a9-4c0f-b25c-a03405d63d2b.__CR001464600_PT0_SX1464_V1___.jpg\" class=\"attachment-full size-full wp-image-13320 wvs-archive-product-image\" alt=\"\" srcset=\"https:\/\/trendytreat.shop\/wp-content\/uploads\/2026\/02\/9acad2f9-e6a9-4c0f-b25c-a03405d63d2b.__CR001464600_PT0_SX1464_V1___.jpg 1464w, https:\/\/trendytreat.shop\/wp-content\/uploads\/2026\/02\/9acad2f9-e6a9-4c0f-b25c-a03405d63d2b.__CR001464600_PT0_SX1464_V1___-300x123.jpg 300w, https:\/\/trendytreat.shop\/wp-content\/uploads\/2026\/02\/9acad2f9-e6a9-4c0f-b25c-a03405d63d2b.__CR001464600_PT0_SX1464_V1___-1024x420.jpg 1024w, https:\/\/trendytreat.shop\/wp-content\/uploads\/2026\/02\/9acad2f9-e6a9-4c0f-b25c-a03405d63d2b.__CR001464600_PT0_SX1464_V1___-768x315.jpg 768w, https:\/\/trendytreat.shop\/wp-content\/uploads\/2026\/02\/9acad2f9-e6a9-4c0f-b25c-a03405d63d2b.__CR001464600_PT0_SX1464_V1___-18x7.jpg 18w, https:\/\/trendytreat.shop\/wp-content\/uploads\/2026\/02\/9acad2f9-e6a9-4c0f-b25c-a03405d63d2b.__CR001464600_PT0_SX1464_V1___-600x246.jpg 600w, https:\/\/trendytreat.shop\/wp-content\/uploads\/2026\/02\/9acad2f9-e6a9-4c0f-b25c-a03405d63d2b.__CR001464600_PT0_SX1464_V1___-1x1.jpg 1w, https:\/\/trendytreat.shop\/wp-content\/uploads\/2026\/02\/9acad2f9-e6a9-4c0f-b25c-a03405d63d2b.__CR001464600_PT0_SX1464_V1___-10x4.jpg 10w\" sizes=\"auto, (max-width: 1464px) 100vw, 1464px\" \/>\t\t\t\t\t\t\t\t\t\t\t\t\t\t\t<\/div>\n\t\t\t\t<\/div>\n\t\t\t\t<div class=\"elementor-element elementor-element-13ecdb3c elementor-widget elementor-widget-text-editor\" data-id=\"13ecdb3c\" data-element_type=\"widget\" data-settings=\"{&quot;ekit_we_effect_on&quot;:&quot;none&quot;}\" data-widget_type=\"text-editor.default\">\n\t\t\t\t<div class=\"elementor-widget-container\">\n\t\t\t\t\t\t\t\t\t<!DOCTYPE html>\n<html>\n<head>\n    <style>\n        .spec-table {\n            width: 100%;\n            border-collapse: collapse;\n            font-family: Arial, sans-serif;\n            font-size: 14px;\n        }\n        .spec-table tr {\n            border-bottom: 1px solid #ddd;\n        }\n        .spec-table td {\n            padding: 10px 0;\n            text-align: left;\n            vertical-align: top;\n        }\n        .spec-table td:first-child {\n            font-weight: bold;\n            width: 45%;\n            color: #333;\n        }\n        .product-header {\n            font-size: 18px;\n            font-weight: bold;\n            color: #222;\n            padding-bottom: 5px;\n            border-bottom: 2px solid #333;\n            margin-bottom: 10px;\n        }\n        .dimension-value {\n            font-family: 'Courier New', monospace;\n            font-weight: bold;\n            color: #333;\n        }\n        .weight-value {\n            background-color: #f5f5f5;\n            padding: 4px 10px;\n            border-radius: 4px;\n            font-weight: bold;\n            color: #555;\n        }\n        .asin-code {\n            background-color: #e6f7ff;\n            border: 1px solid #91d5ff;\n            border-radius: 4px;\n            padding: 4px 10px;\n            font-family: 'Courier New', monospace;\n            font-weight: bold;\n            color: #096dd9;\n        }\n        .model-number {\n            background-color: #f6ffed;\n            border: 1px solid #b7eb8f;\n            border-radius: 4px;\n            padding: 4px 10px;\n            font-family: 'Courier New', monospace;\n            font-weight: bold;\n            color: #389e0d;\n        }\n        .age-range {\n            background-color: #fff0f6;\n            border: 1px solid #ffadd2;\n            border-radius: 4px;\n            padding: 4px 10px;\n            font-weight: bold;\n            color: #c41d7f;\n        }\n        .battery-info {\n            background-color: #f0f8ff;\n            border-left: 3px solid #1e90ff;\n            padding: 8px 12px;\n            border-radius: 4px;\n            line-height: 1.5;\n        }\n    <\/style>\n<\/head>\n<body>\n    <div class=\"product-header\">Informaci\u00f3n sobre el producto<\/div>\n    <table class=\"spec-table\">\n        <tr>\n            <td>Dimensiones del producto<\/td>\n            <td class=\"dimension-value\">4,3 x 2,4 x 1,1 pulgadas<\/td>\n        <\/tr>\n        <tr>\n            <td>Peso del art\u00edculo<\/td>\n            <td><span class=\"weight-value\">5,9 onzas<\/span><\/td>\n        <\/tr>\n        <tr>\n            <td>ASIN<\/td>\n            <td><span class=\"asin-code\">B0DCJC56T2<\/span><\/td>\n        <\/tr>\n        <tr>\n            <td>N\u00famero de modelo del art\u00edculo<\/td>\n            <td><span class=\"model-number\">S5<\/span><\/td>\n        <\/tr>\n        <tr>\n            <td>Edad recomendada por el fabricante<\/td>\n            <td><span class=\"age-range\">36 meses - 8 a\u00f1os<\/span><\/td>\n        <\/tr>\n        <tr>\n            <td>Pilas<\/td>\n            <td>\n                <div class=\"battery-info\">\n                    Se necesitan 1 pilas de pol\u00edmero de litio.\n                <\/div>\n            <\/td>\n        <\/tr>\n    <\/table>\n<\/body>\n<\/html>\t\t\t\t\t\t\t\t<\/div>\n\t\t\t\t<\/div>\n\t\t\t\t\t<\/div>\n\t\t\t\t<\/div>\n\t\t\t\t<\/div>","protected":false},"excerpt":{"rendered":"<p>Product information Product Dimensions 4.3 x 2.4 x 1.1 inches Item Weight 5.9 ounces ASIN B0DCJC56T2 Item model number S5&#8230;<\/p>","protected":false},"featured_media":13300,"comment_status":"open","ping_status":"closed","template":"","meta":{"_acf_changed":false},"etheme_brands":[],"product_brand":[],"product_cat":[118],"product_tag":[],"class_list":{"0":"post-13297","1":"product","2":"type-product","3":"status-publish","4":"has-post-thumbnail","6":"product_cat-sale-shop","8":"first","9":"instock","10":"sale","11":"shipping-taxable","12":"purchasable","13":"product-type-variable","14":"has-default-attributes","15":"wvs-archive-product-wrapper"},"acf":[],"_links":{"self":[{"href":"https:\/\/trendytreat.shop\/es\/wp-json\/wp\/v2\/product\/13297","targetHints":{"allow":["GET"]}}],"collection":[{"href":"https:\/\/trendytreat.shop\/es\/wp-json\/wp\/v2\/product"}],"about":[{"href":"https:\/\/trendytreat.shop\/es\/wp-json\/wp\/v2\/types\/product"}],"replies":[{"embeddable":true,"href":"https:\/\/trendytreat.shop\/es\/wp-json\/wp\/v2\/comments?post=13297"}],"version-history":[{"count":4,"href":"https:\/\/trendytreat.shop\/es\/wp-json\/wp\/v2\/product\/13297\/revisions"}],"predecessor-version":[{"id":13328,"href":"https:\/\/trendytreat.shop\/es\/wp-json\/wp\/v2\/product\/13297\/revisions\/13328"}],"wp:featuredmedia":[{"embeddable":true,"href":"https:\/\/trendytreat.shop\/es\/wp-json\/wp\/v2\/media\/13300"}],"wp:attachment":[{"href":"https:\/\/trendytreat.shop\/es\/wp-json\/wp\/v2\/media?parent=13297"}],"wp:term":[{"taxonomy":"brand","embeddable":true,"href":"https:\/\/trendytreat.shop\/es\/wp-json\/wp\/v2\/etheme_brands?post=13297"},{"taxonomy":"product_brand","embeddable":true,"href":"https:\/\/trendytreat.shop\/es\/wp-json\/wp\/v2\/product_brand?post=13297"},{"taxonomy":"product_cat","embeddable":true,"href":"https:\/\/trendytreat.shop\/es\/wp-json\/wp\/v2\/product_cat?post=13297"},{"taxonomy":"product_tag","embeddable":true,"href":"https:\/\/trendytreat.shop\/es\/wp-json\/wp\/v2\/product_tag?post=13297"}],"curies":[{"name":"wp","href":"https:\/\/api.w.org\/{rel}","templated":true}]}}